{"id":3,"date":"2024-11-16T19:04:03","date_gmt":"2024-11-16T19:04:03","guid":{"rendered":"https:\/\/maschinen-und-prozessoptimierung.com\/?page_id=3"},"modified":"2025-11-18T11:45:53","modified_gmt":"2025-11-18T11:45:53","slug":"datenschutz","status":"publish","type":"page","link":"https:\/\/mechatronik-und-sicherheitstechnik.com\/index.php\/datenschutz\/","title":{"rendered":"Datenschutz"},"content":{"rendered":"\t\t<div data-elementor-type=\"wp-page\" data-elementor-id=\"3\" class=\"elementor elementor-3\" data-elementor-post-type=\"page\">\n\t\t\t\t<div class=\"elementor-element elementor-element-333c687a e-flex e-con-boxed e-con e-parent\" data-id=\"333c687a\" data-element_type=\"container\">\n\t\t\t\t\t<div class=\"e-con-inner\">\n\t\t\t\t<div class=\"elementor-element elementor-element-49f6205 elementor-widget elementor-widget-spacer\" data-id=\"49f6205\" data-element_type=\"widget\" data-widget_type=\"spacer.default\">\n\t\t\t\t<div class=\"elementor-widget-container\">\n\t\t\t\t\t\t\t<div class=\"elementor-spacer\">\n\t\t\t<div class=\"elementor-spacer-inner\"><\/div>\n\t\t<\/div>\n\t\t\t\t\t\t<\/div>\n\t\t\t\t<\/div>\n\t\t\t\t<div class=\"elementor-element elementor-element-7ae4033d elementor-widget elementor-widget-text-editor\" data-id=\"7ae4033d\" data-element_type=\"widget\" data-widget_type=\"text-editor.default\">\n\t\t\t\t<div class=\"elementor-widget-container\">\n\t\t\t\t\t\t\t\t\t<h2>Datenschutz<\/h2>\n<p><strong>1. Allgemeine Hinweise und Pflichtinformationen<\/strong><\/p>\n<p>Wir freuen uns, dass du unsere Webseite besuchst. Der Schutz deiner pers\u00f6nlichen Daten ist uns sehr wichtig. An dieser Stelle informieren wir dich daher dar\u00fcber, wie wir mit deinen Daten umgehen, die du uns \u00fcber unser Kontaktformular oder unsere Telefonnummer zur Verf\u00fcgung stellst.<\/p>\n<p>Verantwortlicher f\u00fcr die Verarbeitung deiner personenbezogenen Daten ist:<\/p>\n<p><b>Mechatroniker &amp; Ingenieur B\u00fcro Mallin<\/b><\/p>\n<p>Rebh\u00fcgel 15, 6911 Lochau<br>+43 660 4452587<br>info@mechatronik-und-sicherheitstechnik.com<br>www.mechatronik-und-sicherheitstechnik.com<\/p>\n<p><strong>2. Erhebung und Speicherung personenbezogener Daten sowie Art und Zweck von deren Verwendung<\/strong><\/p>\n<p>Auf unserer Webseite erheben wir nur dann personenbezogene Daten, wenn du uns diese freiwillig zur Verf\u00fcgung stellst, etwa durch das Ausf\u00fcllen unseres Kontaktformulars oder die Angabe deiner Telefonnummer.<\/p>\n<ul>\n<li>\n<p><strong>Kontaktformular<\/strong>: Wenn du das Kontaktformular nutzt, erheben wir die von dir angegebenen Daten (z.B. Name, E-Mail-Adresse, Nachricht), um auf deine Anfrage zu antworten. Diese Daten werden ausschlie\u00dflich zur Bearbeitung deiner Anfrage verwendet und nicht an Dritte weitergegeben.<\/p>\n<\/li>\n<li>\n<p><strong>Telefonnummer<\/strong>: Wenn du uns deine Telefonnummer angibst, verwenden wir diese ausschlie\u00dflich, um dich bei Bedarf bez\u00fcglich deiner Anfrage zu kontaktieren.<\/p>\n<\/li>\n<\/ul>\n<p><strong>3. Keine Verwendung von Cookies<\/strong><\/p>\n<p>Auf dieser Webseite werden keine Cookies gesetzt. Es werden keine personenbezogenen Daten automatisch durch den Besuch unserer Seite erhoben.<\/p>\n<p><strong>4. Weitergabe von Daten<\/strong><\/p>\n<p>Wir geben deine personenbezogenen Daten nicht an Dritte weiter, es sei denn, wir sind gesetzlich dazu verpflichtet oder es ist f\u00fcr die Durchf\u00fchrung der Anfrage erforderlich. Eine Weitergabe an Dritte erfolgt nicht ohne deine ausdr\u00fcckliche Einwilligung.<\/p>\n<p><strong>5. Sicherheit deiner Daten<\/strong><\/p>\n<p>Wir haben technische und organisatorische Ma\u00dfnahmen getroffen, um deine personenbezogenen Daten vor Verlust, Missbrauch oder unbefugtem Zugriff zu sch\u00fctzen. Dennoch m\u00f6chten wir darauf hinweisen, dass die Daten\u00fcbertragung im Internet (z.B. bei der Kommunikation per E-Mail) Sicherheitsl\u00fccken aufweisen kann, sodass ein l\u00fcckenloser Schutz vor dem Zugriff durch Dritte nicht m\u00f6glich ist.<\/p>\n<p><strong style=\"color: var( --e-global-color-text ); font-family: var( --e-global-typography-text-font-family ), Sans-serif; text-align: var(--text-align); font-size: 1rem;\">6. Verwendung von reCAPTCHA v3<\/strong><\/p>\n<p>Zum Schutz vor Missbrauch und Spam verwenden wir auf unserer Webseite den Dienst reCAPTCHA v3 von Google Inc. (Google). reCAPTCHA v3 analysiert das Verhalten der Besucher auf der Webseite, um zu \u00fcberpr\u00fcfen, ob es sich um einen menschlichen Nutzer handelt oder um automatisierte Anfragen (Bots). Dabei werden bestimmte Informationen wie die IP-Adresse, das Verhalten des Nutzers auf der Seite und andere, f\u00fcr die Analyse notwendige Daten verarbeitet.<\/p>\n<p>Die erhobenen Daten werden gem\u00e4\u00df den Datenschutzrichtlinien von Google verarbeitet. Weitere Informationen dazu findest du in der <a target=\"_new\" rel=\"noopener\">Datenschutzerkl\u00e4rung von Google<\/a> und in den <a target=\"_new\" rel=\"noopener\">Nutzungsbedingungen von reCAPTCHA<\/a>.<\/p>\n<p><strong>7. Deine Rechte<\/strong><\/p>\n<p>Du hast das Recht, jederzeit Auskunft \u00fcber deine gespeicherten personenbezogenen Daten zu erhalten. Du kannst auch die Berichtigung, L\u00f6schung oder Einschr\u00e4nkung der Verarbeitung deiner Daten verlangen. Falls du mit der Art und Weise, wie wir mit deinen Daten umgehen, nicht einverstanden bist, kannst du dich bei der zust\u00e4ndigen Aufsichtsbeh\u00f6rde beschweren.<\/p>\n<p><strong>8. \u00c4nderungen der Datenschutzbestimmungen<\/strong><\/p>\n<p>Wir behalten uns vor, diese Datenschutzerkl\u00e4rung jederzeit zu \u00e4ndern, um sie an ge\u00e4nderte rechtliche oder technische Bedingungen anzupassen. Die jeweils aktuelle Version findest du auf dieser Seite.<\/p>\n<p><strong>9. Kontakt<\/strong><\/p>\n<p>F\u00fcr Fragen zum Datenschutz oder zur Aus\u00fcbung deiner Rechte kannst du dich jederzeit unter den oben angegebenen Kontaktdaten an uns wenden.<\/p>\t\t\t\t\t\t\t\t<\/div>\n\t\t\t\t<\/div>\n\t\t\t\t<div class=\"elementor-element elementor-element-2a568c1 elementor-widget elementor-widget-spacer\" data-id=\"2a568c1\" data-element_type=\"widget\" data-widget_type=\"spacer.default\">\n\t\t\t\t<div class=\"elementor-widget-container\">\n\t\t\t\t\t\t\t<div class=\"elementor-spacer\">\n\t\t\t<div class=\"elementor-spacer-inner\"><\/div>\n\t\t<\/div>\n\t\t\t\t\t\t<\/div>\n\t\t\t\t<\/div>\n\t\t\t\t\t<\/div>\n\t\t\t\t<\/div>\n\t\t\t\t<\/div>\n\t\t","protected":false},"excerpt":{"rendered":"<p>Datenschutz 1. Allgemeine Hinweise und Pflichtinformationen Wir freuen uns, dass du unsere Webseite besuchst. Der Schutz deiner pers\u00f6nlichen Daten ist uns sehr wichtig. An dieser Stelle informieren wir dich daher dar\u00fcber, wie wir mit deinen Daten umgehen, die du uns \u00fcber unser Kontaktformular oder unsere Telefonnummer zur Verf\u00fcgung stellst. Verantwortlicher f\u00fcr die Verarbeitung deiner personenbezogenen [&hellip;]<\/p>\n","protected":false},"author":1,"featured_media":0,"parent":0,"menu_order":0,"comment_status":"closed","ping_status":"closed","template":"","meta":{"footnotes":""},"class_list":["post-3","page","type-page","status-publish","hentry"],"yoast_head":"<!-- This site is optimized with the Yoast SEO plugin v26.6 - https:\/\/yoast.com\/wordpress\/plugins\/seo\/ -->\n<title>Datenschutz - Mechatroniker &amp; Ingenieur B\u00fcro Mallin<\/title>\n<meta name=\"robots\" content=\"noindex, nofollow\" \/>\n<meta property=\"og:locale\" content=\"de_DE\" \/>\n<meta property=\"og:type\" content=\"article\" \/>\n<meta property=\"og:title\" content=\"Datenschutz - Mechatroniker &amp; Ingenieur B\u00fcro Mallin\" \/>\n<meta property=\"og:description\" content=\"Datenschutz 1. Allgemeine Hinweise und Pflichtinformationen Wir freuen uns, dass du unsere Webseite besuchst. Der Schutz deiner pers\u00f6nlichen Daten ist uns sehr wichtig. An dieser Stelle informieren wir dich daher dar\u00fcber, wie wir mit deinen Daten umgehen, die du uns \u00fcber unser Kontaktformular oder unsere Telefonnummer zur Verf\u00fcgung stellst. Verantwortlicher f\u00fcr die Verarbeitung deiner personenbezogenen [&hellip;]\" \/>\n<meta property=\"og:url\" content=\"https:\/\/mechatronik-und-sicherheitstechnik.com\/index.php\/datenschutz\/\" \/>\n<meta property=\"og:site_name\" content=\"Mechatroniker &amp; Ingenieur B\u00fcro Mallin\" \/>\n<meta property=\"article:modified_time\" content=\"2025-11-18T11:45:53+00:00\" \/>\n<meta name=\"twitter:card\" content=\"summary_large_image\" \/>\n<meta name=\"twitter:label1\" content=\"Gesch\u00e4tzte Lesezeit\" \/>\n\t<meta name=\"twitter:data1\" content=\"3\u00a0Minuten\" \/>\n<script type=\"application\/ld+json\" class=\"yoast-schema-graph\">{\"@context\":\"https:\/\/schema.org\",\"@graph\":[{\"@type\":\"WebPage\",\"@id\":\"https:\/\/mechatronik-und-sicherheitstechnik.com\/index.php\/datenschutz\/\",\"url\":\"https:\/\/mechatronik-und-sicherheitstechnik.com\/index.php\/datenschutz\/\",\"name\":\"Datenschutz - Mechatroniker &amp; Ingenieur B\u00fcro Mallin\",\"isPartOf\":{\"@id\":\"https:\/\/mechatronik-und-sicherheitstechnik.com\/#website\"},\"datePublished\":\"2024-11-16T19:04:03+00:00\",\"dateModified\":\"2025-11-18T11:45:53+00:00\",\"breadcrumb\":{\"@id\":\"https:\/\/mechatronik-und-sicherheitstechnik.com\/index.php\/datenschutz\/#breadcrumb\"},\"inLanguage\":\"de\",\"potentialAction\":[{\"@type\":\"ReadAction\",\"target\":[\"https:\/\/mechatronik-und-sicherheitstechnik.com\/index.php\/datenschutz\/\"]}]},{\"@type\":\"BreadcrumbList\",\"@id\":\"https:\/\/mechatronik-und-sicherheitstechnik.com\/index.php\/datenschutz\/#breadcrumb\",\"itemListElement\":[{\"@type\":\"ListItem\",\"position\":1,\"name\":\"Startseite\",\"item\":\"https:\/\/mechatronik-und-sicherheitstechnik.com\/\"},{\"@type\":\"ListItem\",\"position\":2,\"name\":\"Datenschutz\"}]},{\"@type\":\"WebSite\",\"@id\":\"https:\/\/mechatronik-und-sicherheitstechnik.com\/#website\",\"url\":\"https:\/\/mechatronik-und-sicherheitstechnik.com\/\",\"name\":\"Maschinen- und Prozessoptimierung\",\"description\":\"Maschinen optimieren und sicher betreiben\",\"publisher\":{\"@id\":\"https:\/\/mechatronik-und-sicherheitstechnik.com\/#organization\"},\"potentialAction\":[{\"@type\":\"SearchAction\",\"target\":{\"@type\":\"EntryPoint\",\"urlTemplate\":\"https:\/\/mechatronik-und-sicherheitstechnik.com\/?s={search_term_string}\"},\"query-input\":{\"@type\":\"PropertyValueSpecification\",\"valueRequired\":true,\"valueName\":\"search_term_string\"}}],\"inLanguage\":\"de\"},{\"@type\":\"Organization\",\"@id\":\"https:\/\/mechatronik-und-sicherheitstechnik.com\/#organization\",\"name\":\"Ing. Matthias Mallin\",\"url\":\"https:\/\/mechatronik-und-sicherheitstechnik.com\/\",\"logo\":{\"@type\":\"ImageObject\",\"inLanguage\":\"de\",\"@id\":\"https:\/\/mechatronik-und-sicherheitstechnik.com\/#\/schema\/logo\/image\/\",\"url\":\"https:\/\/mechatronik-und-sicherheitstechnik.com\/wp-content\/uploads\/2024\/12\/Ing.-Matthias-Mallin-Logo-1533-x-1226.png\",\"contentUrl\":\"https:\/\/mechatronik-und-sicherheitstechnik.com\/wp-content\/uploads\/2024\/12\/Ing.-Matthias-Mallin-Logo-1533-x-1226.png\",\"width\":1533,\"height\":1226,\"caption\":\"Ing. Matthias Mallin\"},\"image\":{\"@id\":\"https:\/\/mechatronik-und-sicherheitstechnik.com\/#\/schema\/logo\/image\/\"}}]}<\/script>\n<!-- \/ Yoast SEO plugin. -->","yoast_head_json":{"title":"Datenschutz - Mechatroniker &amp; Ingenieur B\u00fcro Mallin","robots":{"index":"noindex","follow":"nofollow"},"og_locale":"de_DE","og_type":"article","og_title":"Datenschutz - Mechatroniker &amp; Ingenieur B\u00fcro Mallin","og_description":"Datenschutz 1. Allgemeine Hinweise und Pflichtinformationen Wir freuen uns, dass du unsere Webseite besuchst. Der Schutz deiner pers\u00f6nlichen Daten ist uns sehr wichtig. An dieser Stelle informieren wir dich daher dar\u00fcber, wie wir mit deinen Daten umgehen, die du uns \u00fcber unser Kontaktformular oder unsere Telefonnummer zur Verf\u00fcgung stellst. Verantwortlicher f\u00fcr die Verarbeitung deiner personenbezogenen [&hellip;]","og_url":"https:\/\/mechatronik-und-sicherheitstechnik.com\/index.php\/datenschutz\/","og_site_name":"Mechatroniker &amp; Ingenieur B\u00fcro Mallin","article_modified_time":"2025-11-18T11:45:53+00:00","twitter_card":"summary_large_image","twitter_misc":{"Gesch\u00e4tzte Lesezeit":"3\u00a0Minuten"},"schema":{"@context":"https:\/\/schema.org","@graph":[{"@type":"WebPage","@id":"https:\/\/mechatronik-und-sicherheitstechnik.com\/index.php\/datenschutz\/","url":"https:\/\/mechatronik-und-sicherheitstechnik.com\/index.php\/datenschutz\/","name":"Datenschutz - Mechatroniker &amp; Ingenieur B\u00fcro Mallin","isPartOf":{"@id":"https:\/\/mechatronik-und-sicherheitstechnik.com\/#website"},"datePublished":"2024-11-16T19:04:03+00:00","dateModified":"2025-11-18T11:45:53+00:00","breadcrumb":{"@id":"https:\/\/mechatronik-und-sicherheitstechnik.com\/index.php\/datenschutz\/#breadcrumb"},"inLanguage":"de","potentialAction":[{"@type":"ReadAction","target":["https:\/\/mechatronik-und-sicherheitstechnik.com\/index.php\/datenschutz\/"]}]},{"@type":"BreadcrumbList","@id":"https:\/\/mechatronik-und-sicherheitstechnik.com\/index.php\/datenschutz\/#breadcrumb","itemListElement":[{"@type":"ListItem","position":1,"name":"Startseite","item":"https:\/\/mechatronik-und-sicherheitstechnik.com\/"},{"@type":"ListItem","position":2,"name":"Datenschutz"}]},{"@type":"WebSite","@id":"https:\/\/mechatronik-und-sicherheitstechnik.com\/#website","url":"https:\/\/mechatronik-und-sicherheitstechnik.com\/","name":"Maschinen- und Prozessoptimierung","description":"Maschinen optimieren und sicher betreiben","publisher":{"@id":"https:\/\/mechatronik-und-sicherheitstechnik.com\/#organization"},"potentialAction":[{"@type":"SearchAction","target":{"@type":"EntryPoint","urlTemplate":"https:\/\/mechatronik-und-sicherheitstechnik.com\/?s={search_term_string}"},"query-input":{"@type":"PropertyValueSpecification","valueRequired":true,"valueName":"search_term_string"}}],"inLanguage":"de"},{"@type":"Organization","@id":"https:\/\/mechatronik-und-sicherheitstechnik.com\/#organization","name":"Ing. Matthias Mallin","url":"https:\/\/mechatronik-und-sicherheitstechnik.com\/","logo":{"@type":"ImageObject","inLanguage":"de","@id":"https:\/\/mechatronik-und-sicherheitstechnik.com\/#\/schema\/logo\/image\/","url":"https:\/\/mechatronik-und-sicherheitstechnik.com\/wp-content\/uploads\/2024\/12\/Ing.-Matthias-Mallin-Logo-1533-x-1226.png","contentUrl":"https:\/\/mechatronik-und-sicherheitstechnik.com\/wp-content\/uploads\/2024\/12\/Ing.-Matthias-Mallin-Logo-1533-x-1226.png","width":1533,"height":1226,"caption":"Ing. Matthias Mallin"},"image":{"@id":"https:\/\/mechatronik-und-sicherheitstechnik.com\/#\/schema\/logo\/image\/"}}]}},"_links":{"self":[{"href":"https:\/\/mechatronik-und-sicherheitstechnik.com\/index.php\/wp-json\/wp\/v2\/pages\/3","targetHints":{"allow":["GET"]}}],"collection":[{"href":"https:\/\/mechatronik-und-sicherheitstechnik.com\/index.php\/wp-json\/wp\/v2\/pages"}],"about":[{"href":"https:\/\/mechatronik-und-sicherheitstechnik.com\/index.php\/wp-json\/wp\/v2\/types\/page"}],"author":[{"embeddable":true,"href":"https:\/\/mechatronik-und-sicherheitstechnik.com\/index.php\/wp-json\/wp\/v2\/users\/1"}],"replies":[{"embeddable":true,"href":"https:\/\/mechatronik-und-sicherheitstechnik.com\/index.php\/wp-json\/wp\/v2\/comments?post=3"}],"version-history":[{"count":36,"href":"https:\/\/mechatronik-und-sicherheitstechnik.com\/index.php\/wp-json\/wp\/v2\/pages\/3\/revisions"}],"predecessor-version":[{"id":534,"href":"https:\/\/mechatronik-und-sicherheitstechnik.com\/index.php\/wp-json\/wp\/v2\/pages\/3\/revisions\/534"}],"wp:attachment":[{"href":"https:\/\/mechatronik-und-sicherheitstechnik.com\/index.php\/wp-json\/wp\/v2\/media?parent=3"}],"curies":[{"name":"wp","href":"https:\/\/api.w.org\/{rel}","templated":true}]}}